{"id":28324,"date":"2025-05-06T19:19:23","date_gmt":"2025-05-06T19:19:23","guid":{"rendered":"https:\/\/sonorasantiaguena.cl\/?page_id=28324"},"modified":"2025-05-06T19:19:24","modified_gmt":"2025-05-06T19:19:24","slug":"nuestra-historia-2","status":"publish","type":"page","link":"https:\/\/sonorasantiaguena.cl\/?page_id=28324","title":{"rendered":"NUESTRA HISTORIA"},"content":{"rendered":"\n<figure class=\"wp-block-image\"><img fetchpriority=\"high\" decoding=\"async\" width=\"1280\" height=\"853\" src=\"https:\/\/sonorasantiaguena.cl\/wp-content\/uploads\/2025\/05\/WhatsApp-Image-2025-05-06-at-13.44.33-3.jpeg\" alt=\"\" class=\"wp-image-28284\" srcset=\"https:\/\/sonorasantiaguena.cl\/wp-content\/uploads\/2025\/05\/WhatsApp-Image-2025-05-06-at-13.44.33-3.jpeg 1280w, https:\/\/sonorasantiaguena.cl\/wp-content\/uploads\/2025\/05\/WhatsApp-Image-2025-05-06-at-13.44.33-3-400x267.jpeg 400w, https:\/\/sonorasantiaguena.cl\/wp-content\/uploads\/2025\/05\/WhatsApp-Image-2025-05-06-at-13.44.33-3-1200x800.jpeg 1200w, https:\/\/sonorasantiaguena.cl\/wp-content\/uploads\/2025\/05\/WhatsApp-Image-2025-05-06-at-13.44.33-3-768x512.jpeg 768w, https:\/\/sonorasantiaguena.cl\/wp-content\/uploads\/2025\/05\/WhatsApp-Image-2025-05-06-at-13.44.33-3-430x287.jpeg 430w, https:\/\/sonorasantiaguena.cl\/wp-content\/uploads\/2025\/05\/WhatsApp-Image-2025-05-06-at-13.44.33-3-700x466.jpeg 700w, https:\/\/sonorasantiaguena.cl\/wp-content\/uploads\/2025\/05\/WhatsApp-Image-2025-05-06-at-13.44.33-3-150x100.jpeg 150w\" sizes=\"(max-width: 1280px) 100vw, 1280px\" \/><\/figure>\n\n\n\n<p>&nbsp;Sonora santiague\u00f1a. La sonora santiague\u00f1a se inicia como agrupaci\u00f3n musical tropical en&nbsp;la d\u00e9cada de los setenta en el litoral central, quinta regi\u00f3n de Chile. Emprende su escala&nbsp;musical el a\u00f1o mil novecientos setenta y cinco grabando su primer single con los temas el&nbsp;rasca rasca y por la monta\u00f1a, logrando ser el boom musical de aquella \u00e9poca, dando origen a&nbsp;&nbsp;la grabaci\u00f3n de su primer long play, el que se transforma en s\u00faper ventas.<\/p>\n\n\n\n<p>Esto les permite&nbsp;realizar una gira por todo el pa\u00eds produci\u00e9ndose el \u00e9xito esperado en todos los lugares que se&nbsp;present\u00f3. La sonora santiague\u00f1a en el a\u00f1o mil novecientos ochenta y cinco evoluciona sus ritmos&nbsp;y toma una nueva orientaci\u00f3n musical, la que se transforma posteriormente en tres producciones de&nbsp;placer y CD, logrando los mismos \u00e9xitos anteriores. En el a\u00f1o mil novecientos noventa y dos graban su&nbsp;&nbsp;cuarta larga duraci\u00f3n con temas como la cornetita por una cerveza y cabecita hueca, varios otros&nbsp;que fueron la preferencia del p\u00fablico.<\/p>\n\n\n\n<p>En el a\u00f1o 1998, graban su octava&nbsp;producci\u00f3n con temas como poquitito, confundido, que fueron grandes \u00e9xitos radiales.&nbsp;\u00a1Arrepi\u00e9ntete! Y te vas a&nbsp;<\/p>\n\n\n\n<p>arrepentir, negrona&nbsp;La gente le va a negar.&nbsp;&nbsp;No pod\u00eda m\u00e1s calmar mi dolor, De repente miro al fuente y figuran que est\u00e1 ausente.<\/p>\n\n\n\n<p><\/p>\n","protected":false},"excerpt":{"rendered":"<p>&nbsp;Sonora santiague\u00f1a. La sonora santiague\u00f1a se inicia como agrupaci\u00f3n musical tropical en&nbsp;la d\u00e9cada de los setenta en el litoral central,<\/p>\n","protected":false},"author":1,"featured_media":0,"parent":0,"menu_order":0,"comment_status":"closed","ping_status":"closed","template":"","meta":{"footnotes":""},"class_list":["post-28324","page","type-page","status-publish","hentry"],"_links":{"self":[{"href":"https:\/\/sonorasantiaguena.cl\/index.php?rest_route=\/wp\/v2\/pages\/28324","targetHints":{"allow":["GET"]}}],"collection":[{"href":"https:\/\/sonorasantiaguena.cl\/index.php?rest_route=\/wp\/v2\/pages"}],"about":[{"href":"https:\/\/sonorasantiaguena.cl\/index.php?rest_route=\/wp\/v2\/types\/page"}],"author":[{"embeddable":true,"href":"https:\/\/sonorasantiaguena.cl\/index.php?rest_route=\/wp\/v2\/users\/1"}],"replies":[{"embeddable":true,"href":"https:\/\/sonorasantiaguena.cl\/index.php?rest_route=%2Fwp%2Fv2%2Fcomments&post=28324"}],"version-history":[{"count":1,"href":"https:\/\/sonorasantiaguena.cl\/index.php?rest_route=\/wp\/v2\/pages\/28324\/revisions"}],"predecessor-version":[{"id":28326,"href":"https:\/\/sonorasantiaguena.cl\/index.php?rest_route=\/wp\/v2\/pages\/28324\/revisions\/28326"}],"wp:attachment":[{"href":"https:\/\/sonorasantiaguena.cl\/index.php?rest_route=%2Fwp%2Fv2%2Fmedia&parent=28324"}],"curies":[{"name":"wp","href":"https:\/\/api.w.org\/{rel}","templated":true}]}}